{"id":17,"date":"2015-10-26T11:12:17","date_gmt":"2015-10-26T11:12:17","guid":{"rendered":"http:\/\/www.rdadesign.es\/rda\/?page_id=17"},"modified":"2016-06-17T08:58:46","modified_gmt":"2016-06-17T08:58:46","slug":"17-2","status":"publish","type":"page","link":"http:\/\/www.rdadesign.es\/rda\/","title":{"rendered":""},"content":{"rendered":"\t<div  class=\"vc_row wpb_row vc_row-fluid\"> \n\t<div class=\"vc_col-sm-12 wpb_column vc_column_container \">\n\t\t<div class=\"wpb_wrapper\">\n\t\t\t \n\t<div class=\"wpb_text_column wpb_content_element \">\n\t\t<div class=\"wpb_wrapper\">\n\t\t\t<div id=\"textoCentralRDA\">Arquitectura, Interiorismo y Ejecuci\u00f3n de Obras<br>\nComunicaci\u00f3n y Dise\u00f1o On\/Off<br>\nAgente y Distribuidor Oficial de las Mejores Marcas de Mobiliario, Cocina e Iluminaci\u00f3n<br>\nReal Estate Support<\/div>\n\n\t\t<\/div> \n\t<\/div>  \n\t\t<\/div> \n\t<\/div> \n <\/div>\n","protected":false},"excerpt":{"rendered":"Arquitectura, Interiorismo y Ejecuci\u00f3n de Obras Comunicaci\u00f3n y Dise\u00f1o On\/Off Agente y Distribuidor Oficial de las Mejores Marcas de Mobiliario, Cocina e Iluminaci\u00f3n Real Estate Support","protected":false},"author":1,"featured_media":0,"parent":0,"menu_order":0,"comment_status":"closed","ping_status":"closed","template":"","meta":[],"_links":{"self":[{"href":"http:\/\/www.rdadesign.es\/rda\/wp-json\/wp\/v2\/pages\/17"}],"collection":[{"href":"http:\/\/www.rdadesign.es\/rda\/wp-json\/wp\/v2\/pages"}],"about":[{"href":"http:\/\/www.rdadesign.es\/rda\/wp-json\/wp\/v2\/types\/page"}],"author":[{"embeddable":true,"href":"http:\/\/www.rdadesign.es\/rda\/wp-json\/wp\/v2\/users\/1"}],"replies":[{"embeddable":true,"href":"http:\/\/www.rdadesign.es\/rda\/wp-json\/wp\/v2\/comments?post=17"}],"version-history":[{"count":15,"href":"http:\/\/www.rdadesign.es\/rda\/wp-json\/wp\/v2\/pages\/17\/revisions"}],"predecessor-version":[{"id":2690,"href":"http:\/\/www.rdadesign.es\/rda\/wp-json\/wp\/v2\/pages\/17\/revisions\/2690"}],"wp:attachment":[{"href":"http:\/\/www.rdadesign.es\/rda\/wp-json\/wp\/v2\/media?parent=17"}],"curies":[{"name":"wp","href":"https:\/\/api.w.org\/{rel}","templated":true}]}}