{"id":40,"date":"2015-10-27T12:18:10","date_gmt":"2015-10-27T12:18:10","guid":{"rendered":"http:\/\/www.rdadesign.es\/rda\/?page_id=40"},"modified":"2016-06-14T16:39:04","modified_gmt":"2016-06-14T16:39:04","slug":"outletnews","status":"publish","type":"page","link":"http:\/\/www.rdadesign.es\/rda\/outletnews\/","title":{"rendered":"Outlet | News"},"content":{"rendered":"\t<div id='colslide' class=\"vc_row wpb_row vc_row-fluid\"> \n\t<div class=\"vc_col-sm-8 wpb_column vc_column_container \">\n\t\t<div class=\"wpb_wrapper\">\n\t\t\t \n\t<div class=\"wpb_text_column wpb_content_element \">\n\t\t<div class=\"wpb_wrapper\">\n\t\t\t\n\t\t<\/div> \n\t<\/div>  \n\t\t<\/div> \n\t<\/div> \n \n\t<div class=\"vc_col-sm-4 wpb_column vc_column_container  vc_custom_1448279781383\">\n\t\t<div class=\"wpb_wrapper\">\n\t\t\t \n\t<div class=\"wpb_raw_code wpb_content_element wpb_raw_html\">\n\t\t<div class=\"wpb_wrapper\">\n\t\t\t<div id=\"capaslide\" class=\"slide\" style=\"\">\n<div class=\"flechasslide\" style=\"\"><a onclick=\"retrocedeSlide();\">\n<img class=\"hoveroutlet\" style=\"width:8px; transform: rotate(180deg); margin-top: -4.7px; margin-left: -30px;\" src=\"http:\/\/www.rdadesign.es\/rda\/wp-content\/themes\/delight\/images\/flecha.png\"><\/a>&nbsp;&nbsp;&nbsp;&nbsp;&nbsp;&nbsp;<a onclick=\"avanzaSlide();\"><img class=\"hoveroutlet\" style=\"width:8px; margin-left: 10px; margin-top: -10px;\" src=\"http:\/\/www.rdadesign.es\/rda\/wp-content\/themes\/delight\/images\/flecha.png\"><\/a><\/div>\n     <figure>\n          <img class=\"img1\" alt=\"alt img1\" src=\"http:\/\/www.rdadesign.es\/rda\/wp-content\/themes\/delight\/images\/slide1.jpg\">\n          <img class=\"img2x\" alt=\"alt img 2\" src=\"http:\/\/www.rdadesign.es\/rda\/wp-content\/themes\/delight\/images\/slide2.jpg\">\n          <img class=\"img3x\" alt=\"alt img 3\" src=\"http:\/\/www.rdadesign.es\/rda\/wp-content\/themes\/delight\/images\/slide3.jpg\">\n          <img class=\"img4x\" alt=\"alt img4\" src=\"http:\/\/www.rdadesign.es\/rda\/wp-content\/themes\/delight\/images\/slide4.jpg\">\n          <img class=\"img5\" alt=\"alt img 5\" src=\"http:\/\/www.rdadesign.es\/rda\/wp-content\/themes\/delight\/images\/slide5.jpg\">\n          <img class=\"img6\" alt=\"alt img 6\" src=\"http:\/\/www.rdadesign.es\/rda\/wp-content\/themes\/delight\/images\/slide6.jpg\">\n          <img class=\"img7\" alt=\"alt img7\" src=\"http:\/\/www.rdadesign.es\/rda\/wp-content\/themes\/delight\/images\/slide7.jpg\">\n          <img class=\"img8\" alt=\"alt img 8\" src=\"http:\/\/www.rdadesign.es\/rda\/wp-content\/themes\/delight\/images\/slide8.jpg\">\n          <img class=\"img9\" alt=\"alt img 9\" src=\"http:\/\/www.rdadesign.es\/rda\/wp-content\/themes\/delight\/images\/slide9.jpg\">\n     <\/figure>\n<\/div>\n\n<style>\n\n.flechasslide{\nmargin-left: 512px;\n}\n\n.slide{\n    width: 630px;\n    margin: 2% auto;\n    position: relative;\nmargin-top:26px;\n}\n \n.slide img{\n    width: 650px;\n    position: absolute;\n    margin-left: -95px;\n}\n@media screen and (max-width: 1480px) {\n.slide{\n    width: 330px;\n    margin: 2% auto;\n    position: relative;\n}\n \n.slide img{\n    width: 330px;\n    position: absolute;\n    margin-left: 0px;\n}\n}\n\n@media screen and (max-width: 1370px) {\n.slide{\n    width: 575px;\n    margin: 2% auto;\n    position: relative;\n    margin-left: -531px !important;\n    margin-top: 144px !important;\n}\n \n.slide img{\n    width: 575px;\n    position: absolute;\n    margin-left: 0px;\n}\n\n.flechasslide{\n    margin-left: 536px;\n}\n\n\n}\n@media screen and (max-width: 900px) {\n.slide{\n    width: 330px;\n    margin: 2% auto;\n    position: relative;\nmargin-top: 250px;\n}\n \n.slide img{\n    width: 330px;\n    position: absolute;\n    margin-left: 0px;\n}\n}\n\n.slide .img2x, .slide .img3x, .slide .img4x, .slide .img5, .slide .img6, .slide .img7, .slide .img8, .slide .img9 {\n    display: none;\n}\n<\/style>\n<script>\n\/\/intervalo tiempo cambio img slide, 5 segundos, se llama a la funci\u00f3n \"avanzaSlide()\"\n\/\/\/setInterval('avanzaSlide()',5000);\n \n\/\/array con las clases para las diferentes imagenes\nvar arrayImagenes = new Array(\".img1\",\".img2x\",\".img3x\",\".img4x\",\".img5\",\".img6\",\".img7\",\".img8\",\".img9\");\n\/\/var arrayImagenes = new Array(\".img1\",\".img2\");\n \n\/\/variable que nos permitir\u00e1 saber qu\u00e9 imagen se est\u00e1 mostrando\nvar contador = 0;\n \n\/\/hace un efecto fadeIn para mostrar una imagen\nfunction mostrar(img){\n\t$(img).ready(function(){\t\t\t\t\n  \t\t$(arrayImagenes[contador]).fadeIn(1500);\t\t\n\t});\n}\n \n\/\/hace un efecto fadeOut para ocultar una imagen\nfunction ocultar(img){\n\t$(img).ready(function(){\t\t\t\t\n  \t\t$(arrayImagenes[contador]).fadeOut(1500);\t\t\n\t});\n}\n \n\/\/funci\u00f3n principal\nfunction avanzaSlide(){\n        \/\/se oculta la imagen actual\n\tocultar(arrayImagenes[contador]);\n        \/\/aumentamos el contador en una unidad\n\tcontador = (contador + 1) % 9;\n        \/\/contador = (contador + 1) % 2;\n        \/\/mostramos la nueva imagen\n\tmostrar(arrayImagenes[contador]);\n}\nfunction retrocedeSlide(){\nif(contador==0){\ncontador=9;\n}\n\tocultar(arrayImagenes[contador]);\n\tcontador = (contador - 1) % 9;\n\tmostrar(arrayImagenes[contador]);\n}\n<\/script>\n\n\t\t<\/div> \n\t<\/div>  \n\t\t<\/div> \n\t<\/div> \n <\/div> \t<div id='imagesnl' class=\"vc_row wpb_row vc_row-fluid nlimages vc_custom_1448282047313\"> \n\t<div class=\"vc_col-sm-4 columna1 wpb_column vc_column_container \">\n\t\t<div class=\"wpb_wrapper\">\n\t\t\t \n\t<div class=\"wpb_text_column wpb_content_element \">\n\t\t<div class=\"wpb_wrapper\">\n\t\t\t<img class=\"alignnone size-full wp-image-594\" src=\"http:\/\/www.rdadesign.es\/rda\/wp-content\/uploads\/2015\/10\/campana1.jpg\" alt=\"autumn sale - octubre 2015\" height=\"300\">\n\n\t\t<\/div> \n\t<\/div>  \n\t\t<\/div> \n\t<\/div> \n \n\t<div class=\"vc_col-sm-4 columna1 wpb_column vc_column_container \">\n\t\t<div class=\"wpb_wrapper\">\n\t\t\t \n\t<div class=\"wpb_text_column wpb_content_element \">\n\t\t<div class=\"wpb_wrapper\">\n\t\t\t<img class=\"alignnone size-full wp-image-685\" src=\"http:\/\/www.rdadesign.es\/rda\/wp-content\/uploads\/2015\/10\/campana2.jpg\" alt=\"autumn sale - octubre 2015 - copia\" height=\"300\">\n\n\t\t<\/div> \n\t<\/div>  \n\t\t<\/div> \n\t<\/div> \n \n\t<div class=\"vc_col-sm-4 columna1 wpb_column vc_column_container \">\n\t\t<div class=\"wpb_wrapper\">\n\t\t\t \n\t<div class=\"wpb_text_column wpb_content_element \">\n\t\t<div class=\"wpb_wrapper\">\n\t\t\t<img class=\"alignnone size-full wp-image-685\" src=\"http:\/\/www.rdadesign.es\/rda\/wp-content\/uploads\/2015\/10\/autumn-sale-octubre-2015-copia5.jpg\" alt=\"autumn sale - octubre 2015 - copia\" height=\"300\" srcset=\"http:\/\/www.rdadesign.es\/rda\/wp-content\/uploads\/2015\/10\/autumn-sale-octubre-2015-copia5.jpg 543w, http:\/\/www.rdadesign.es\/rda\/wp-content\/uploads\/2015\/10\/autumn-sale-octubre-2015-copia5-261x300.jpg 261w, http:\/\/www.rdadesign.es\/rda\/wp-content\/uploads\/2015\/10\/autumn-sale-octubre-2015-copia5-427x490.jpg 427w, http:\/\/www.rdadesign.es\/rda\/wp-content\/uploads\/2015\/10\/autumn-sale-octubre-2015-copia5-305x350.jpg 305w\" sizes=\"(max-width: 543px) 100vw, 543px\">\n\n\t\t<\/div> \n\t<\/div>  \n\t\t<\/div> \n\t<\/div> \n <\/div> \t<div id='otrasimagesnl' class=\"vc_row wpb_row vc_row-fluid imagesnlcss\"> \n\t<div class=\"vc_col-sm-4 columna1 wpb_column vc_column_container \">\n\t\t<div class=\"wpb_wrapper\">\n\t\t\t \n\t<div class=\"wpb_text_column wpb_content_element \">\n\t\t<div class=\"wpb_wrapper\">\n\t\t\t<a href=\"http:\/\/eepurl.com\/bP3kqb\" target=\"_blank\"><img class=\"alignnone size-full wp-image-594\" src=\"http:\/\/www.rdadesign.es\/rda\/wp-content\/uploads\/2015\/10\/nl1.jpg\" alt=\"autumn sale - octubre 2015\" height=\"300\"><\/a>\n\n\t\t<\/div> \n\t<\/div>  \n\t\t<\/div> \n\t<\/div> \n \n\t<div class=\"vc_col-sm-4 columna1 wpb_column vc_column_container \">\n\t\t<div class=\"wpb_wrapper\">\n\t\t\t \n\t<div class=\"wpb_text_column wpb_content_element \">\n\t\t<div class=\"wpb_wrapper\">\n\t\t\t<a href=\"http:\/\/eepurl.com\/bUva5H\" target=\"_blank\"><img class=\"alignnone size-full wp-image-685\" src=\"http:\/\/www.rdadesign.es\/rda\/wp-content\/uploads\/2015\/10\/nl2.jpg\" alt=\"autumn sale - octubre 2015 - copia\" height=\"300\"><\/a>\n\n\t\t<\/div> \n\t<\/div>  \n\t\t<\/div> \n\t<\/div> \n \n\t<div class=\"vc_col-sm-4 columna1 wpb_column vc_column_container \">\n\t\t<div class=\"wpb_wrapper\">\n\t\t\t \n\t<div class=\"wpb_text_column wpb_content_element \">\n\t\t<div class=\"wpb_wrapper\">\n\t\t\t<img class=\"alignnone size-full wp-image-685\" src=\"http:\/\/www.rdadesign.es\/rda\/wp-content\/uploads\/2015\/10\/autumn-sale-octubre-2015-copia5.jpg\" alt=\"autumn sale - octubre 2015 - copia\" height=\"300\" srcset=\"http:\/\/www.rdadesign.es\/rda\/wp-content\/uploads\/2015\/10\/autumn-sale-octubre-2015-copia5.jpg 543w, http:\/\/www.rdadesign.es\/rda\/wp-content\/uploads\/2015\/10\/autumn-sale-octubre-2015-copia5-261x300.jpg 261w, http:\/\/www.rdadesign.es\/rda\/wp-content\/uploads\/2015\/10\/autumn-sale-octubre-2015-copia5-427x490.jpg 427w, http:\/\/www.rdadesign.es\/rda\/wp-content\/uploads\/2015\/10\/autumn-sale-octubre-2015-copia5-305x350.jpg 305w\" sizes=\"(max-width: 543px) 100vw, 543px\">\n\n\t\t<\/div> \n\t<\/div>  \n\t\t<\/div> \n\t<\/div> \n <\/div>\n","protected":false},"excerpt":{"rendered":"&nbsp;&nbsp;&nbsp;&nbsp;&nbsp;&nbsp; .flechasslide{ margin-left: 512px; } .slide{ width: 630px; margin: 2% auto; position: relative; margin-top:26px; } .slide img{ width: 650px; position: absolute; margin-left: -95px; } @media screen and (max-width: 1480px) { .slide{ width: 330px; margin: 2% auto; position: relative; } .slide img{ width: 330px; position: absolute; margin-left: 0px; } } @media screen and (max-width: 1370px) { [...]","protected":false},"author":1,"featured_media":0,"parent":0,"menu_order":0,"comment_status":"closed","ping_status":"closed","template":"","meta":[],"_links":{"self":[{"href":"http:\/\/www.rdadesign.es\/rda\/wp-json\/wp\/v2\/pages\/40"}],"collection":[{"href":"http:\/\/www.rdadesign.es\/rda\/wp-json\/wp\/v2\/pages"}],"about":[{"href":"http:\/\/www.rdadesign.es\/rda\/wp-json\/wp\/v2\/types\/page"}],"author":[{"embeddable":true,"href":"http:\/\/www.rdadesign.es\/rda\/wp-json\/wp\/v2\/users\/1"}],"replies":[{"embeddable":true,"href":"http:\/\/www.rdadesign.es\/rda\/wp-json\/wp\/v2\/comments?post=40"}],"version-history":[{"count":165,"href":"http:\/\/www.rdadesign.es\/rda\/wp-json\/wp\/v2\/pages\/40\/revisions"}],"predecessor-version":[{"id":2732,"href":"http:\/\/www.rdadesign.es\/rda\/wp-json\/wp\/v2\/pages\/40\/revisions\/2732"}],"wp:attachment":[{"href":"http:\/\/www.rdadesign.es\/rda\/wp-json\/wp\/v2\/media?parent=40"}],"curies":[{"name":"wp","href":"https:\/\/api.w.org\/{rel}","templated":true}]}}